{"id":4662,"date":"2024-08-14T07:32:46","date_gmt":"2024-08-14T07:32:46","guid":{"rendered":"https:\/\/www.solidstream.fi\/?page_id=4662"},"modified":"2024-10-22T15:44:45","modified_gmt":"2024-10-22T15:44:45","slug":"goethe-institut-finnland","status":"publish","type":"page","link":"https:\/\/www.solidstream.fi\/sv\/goethe-institut-finnland\/","title":{"rendered":"Goethe-Institut Finland"},"content":{"rendered":"<div data-elementor-type=\"wp-page\" data-elementor-id=\"4662\" class=\"elementor elementor-4662\" data-elementor-post-type=\"page\">\n\t\t\t\t\t\t<section class=\"elementor-section elementor-top-section elementor-element elementor-element-c5b37b2 elementor-section-height-min-height elementor-section-full_width elementor-section-height-default elementor-section-items-middle\" data-id=\"c5b37b2\" data-element_type=\"section\" data-e-type=\"section\" data-settings=\"{&quot;background_background&quot;:&quot;classic&quot;}\">\n\t\t\t\t\t\t<div class=\"elementor-container elementor-column-gap-default\">\n\t\t\t\t\t<div class=\"elementor-column elementor-col-100 elementor-top-column elementor-element elementor-element-e0b6132\" data-id=\"e0b6132\" data-element_type=\"column\" data-e-type=\"column\">\n\t\t\t<div class=\"elementor-widget-wrap elementor-element-populated\">\n\t\t\t\t\t\t<div class=\"elementor-element elementor-element-2cf28bf elementor-widget__width-initial elementor-widget elementor-widget-heading\" data-id=\"2cf28bf\" data-element_type=\"widget\" data-e-type=\"widget\" data-widget_type=\"heading.default\">\n\t\t\t\t<div class=\"elementor-widget-container\">\n\t\t\t\t\t<h1 class=\"elementor-heading-title elementor-size-default\">Kan vattendrag st\u00e4mma? -paneldiskussion<\/h1>\t\t\t\t<\/div>\n\t\t\t\t<\/div>\n\t\t\t\t\t<\/div>\n\t\t<\/div>\n\t\t\t\t\t<\/div>\n\t\t<\/section>\n\t\t\t\t<section class=\"elementor-section elementor-top-section elementor-element elementor-element-53ece95 elementor-section-boxed elementor-section-height-default elementor-section-height-default\" data-id=\"53ece95\" data-element_type=\"section\" data-e-type=\"section\">\n\t\t\t\t\t\t<div class=\"elementor-container elementor-column-gap-default\">\n\t\t\t\t\t<div class=\"elementor-column elementor-col-100 elementor-top-column elementor-element elementor-element-56cd002\" data-id=\"56cd002\" data-element_type=\"column\" data-e-type=\"column\">\n\t\t\t<div class=\"elementor-widget-wrap elementor-element-populated\">\n\t\t\t\t\t\t<div class=\"elementor-element elementor-element-a6e95af elementor-widget__width-initial elementor-widget elementor-widget-html\" data-id=\"a6e95af\" data-element_type=\"widget\" data-e-type=\"widget\" data-widget_type=\"html.default\">\n\t\t\t\t<div class=\"elementor-widget-container\">\n\t\t\t\t\t<div style=\"padding:56.25% 0 0 0;position:relative;\"><iframe src=\"https:\/\/player.vimeo.com\/video\/1009093486?badge=0&amp;autopause=0&amp;player_id=0&amp;app_id=58479\" frameborder=\"0\" allow=\"autoplay; fullscreen; picture-in-picture; clipboard-write\" style=\"position:absolute;top:0;left:0;width:100%;height:100%;\" title=\"_20240912_GOETHE_TALLENNE\"><\/iframe><\/div><script src=\"https:\/\/player.vimeo.com\/api\/player.js\"><\/script>\t\t\t\t<\/div>\n\t\t\t\t<\/div>\n\t\t\t\t\t<\/div>\n\t\t<\/div>\n\t\t\t\t\t<\/div>\n\t\t<\/section>\n\t\t\t\t<section class=\"elementor-section elementor-top-section elementor-element elementor-element-3dd5cbc elementor-section-boxed elementor-section-height-default elementor-section-height-default\" data-id=\"3dd5cbc\" data-element_type=\"section\" data-e-type=\"section\">\n\t\t\t\t\t\t<div class=\"elementor-container elementor-column-gap-default\">\n\t\t\t\t\t<div class=\"elementor-column elementor-col-100 elementor-top-column elementor-element elementor-element-302b0e9\" data-id=\"302b0e9\" data-element_type=\"column\" data-e-type=\"column\">\n\t\t\t<div class=\"elementor-widget-wrap elementor-element-populated\">\n\t\t\t\t\t\t<div class=\"elementor-element elementor-element-9f3b7fb elementor-widget elementor-widget-text-editor\" data-id=\"9f3b7fb\" data-element_type=\"widget\" data-e-type=\"widget\" data-widget_type=\"text-editor.default\">\n\t\t\t\t<div class=\"elementor-widget-container\">\n\t\t\t\t\t\t\t\t\t<p style=\"font-weight: 400;\"><strong>En tv\u00e4rvetenskaplig dialog<\/strong><\/p><p style=\"font-weight: 400;\">\u00d6stersj\u00f6n och andra vattendrag: \u00f6verg\u00f6dning, farliga \u00e4mnen, \u00f6verfiske, f\u00f6rlust av biologisk m\u00e5ngfald, f\u00f6rorenade sk\u00e4rg\u00e5rdar, floder och sj\u00f6ar... V\u00e5ra vatten har inga gr\u00e4nser. Hur kan vi skydda dem och oss? <strong>Vad s\u00e4gs om naturens r\u00f6st?<\/strong><\/p><p>Mar Menor, en mycket f\u00f6rorenad lagun i Murcia i Spanien, \u00e4r den f\u00f6rsta vattenf\u00f6rekomsten i Europa som har f\u00f6rklarats vara en juridisk person \u00e5r 2022, som kan st\u00e4mma f\u00f6r sina egna r\u00e4ttigheter. En diskurs som redan \u00e4r l\u00e5ngt framskriden i andra delar av v\u00e4rlden sprider sig nu till Europa. I allt fler l\u00e4nder i Europa och v\u00e4rlden \u00f6ver ser vi allvarliga diskussioner om naturens r\u00e4ttigheter. Det nederl\u00e4ndska parlamentet r\u00f6stade till exempel om en motion om att ge Vadehavet r\u00e4ttigheter. Ger en ny juridisk status f\u00f6r vattenf\u00f6rekomster verkligen ett b\u00e4ttre ekologiskt skydd f\u00f6r dem? Eller skapar det nya intressekonflikter? <strong>Vem f\u00e5r representera varje vattenf\u00f6rekomst och med vilka metoder? Vem \u00e4r den m\u00e4nniska som ger naturen en r\u00f6st? Vem talar till vem? Vem talar och vem lyssnar?<\/strong><\/p><p>Fr\u00e5gor om representation \u00e4r b\u00e5de kulturella och sociala fr\u00e5gor och en givande konstn\u00e4rlig utmaning. Det \u00e4r inte f\u00f6rv\u00e5nande att konstn\u00e4rer, forskare, jurister och aktivister g\u00e5r samman f\u00f6r att utforska detta ekologisk-kulturella komplex och reflektera \u00f6ver det p\u00e5 ett praktiskt s\u00e4tt.<\/p><p>F\u00f6r paneldiskussionen Can waters sueze? bjuder Goethe-Institut Finland in konstn\u00e4rer och experter fr\u00e5n olika discipliner och kunskapsformer som juridik, naturvetenskap, konst, ekonomi, politik och kunskap fr\u00e5n ursprungsbefolkningar att presentera och diskutera sina \u00e5sikter. Deltagarna kommer att ta med sig sina egna fr\u00e5gor in i dialogen - och utforska och relatera olika perspektiv och f\u00f6rst\u00e5elser av den komplexa fr\u00e5gan, b\u00e5de i teori och praktik.<\/p><p>Evenemanget kommer att modereras av <strong>Taru Elfving <\/strong>(Direkt\u00f6r, CAA Contemporary Art Archipelago, forskare, Centre for Sustainable Ocean Science (SOS, \u00c5bo Akademi, Finland).<\/p><p>Goethe-Institut Finland tackar <strong>Finlands Nationalteater<\/strong>\u00a0f\u00f6r samarbetet.<\/p><p class=\"x_MsoNormal\"><b>Dagordning<\/b><\/p><p class=\"x_MsoNormal\">13:00: Evenemanget b\u00f6rjar (<b>Taru Elfving<\/b>,<b> <span style=\"font-weight: 400;\">CAA Contemporary Art Archipelago<\/span><\/b>)\u00a0<br \/>13:15: Presentationer<\/p><div><ul type=\"disc\"><li class=\"x_MsoNormal\"><b>Jula Zenetti<\/b>, Helmholtz-centrum Leipzig f\u00f6r milj\u00f6forskning<\/li><\/ul><\/div><ul type=\"disc\"><li class=\"x_MsoNormal\"><b>Christiane Bosman<\/b>, Ambassad i Nordsj\u00f6n<\/li><\/ul><div><ul type=\"disc\"><li class=\"x_MsoNormal\"><b>Liisa-R\u00e1vn\u00e1 Finbog, <\/b>\u00a0Samisk urfolksforskare, duoj\u00e1r, f\u00f6rfattare, curator<\/li><\/ul><\/div><ul type=\"disc\"><li class=\"x_MsoNormal\"><b>Peter Jasper<\/b>, Advokat, Bergmann Advokater<\/li><li class=\"x_MsoNormal\"><b>R\u00fcdiger Strempel<\/b>, verkst\u00e4llande sekreterare f\u00f6r HELCOM - Kommissionen f\u00f6r skydd av \u00d6stersj\u00f6ns marina milj\u00f6 HELCOM<\/li><li class=\"x_MsoNormal\"><b>Fredrik Gr\u00f6ndahl<\/b>, chef f\u00f6r Blue Food vid Kungliga Tekniska H\u00f6gskolan, KTH Stockholm, Sverige<\/li><\/ul><div><ul type=\"disc\"><li class=\"x_MsoNormal\"><b>Julia Lohmann,<\/b>\u00a0Professor i samtida design Aalto-universitetet Helsingfors<br \/><br \/><\/li><\/ul><\/div><p class=\"x_MsoNormal\">14.30-14.40: Paus<br \/>14:40-15:30: Paneldiskussion &amp; fr\u00e5gor fr\u00e5n publiken<\/p><p style=\"font-weight: 400;\"><strong>Talare:<\/strong><\/p><p style=\"font-weight: 400;\"><strong>Taru Elfving, <\/strong><strong><u><a href=\"https:\/\/contemporaryartarchipelago.org\/\" data-outlook-id=\"1b1a5e5a-f14d-40a7-9cf3-5890121c3305\" target=\"_blank\" rel=\"noopener\">CAA Contemporary Art Archipelago<\/a><\/u><\/strong><\/p><p style=\"font-weight: 400;\">Taru Elfving \u00e4r chef f\u00f6r och medgrundare av CAA Contemporary Art Archipelago. CAA \u00e4r ett curatorkollektiv som st\u00f6der transdisciplin\u00e4ra och platsk\u00e4nsliga konstn\u00e4rliga unders\u00f6kningar i sk\u00e4rningspunkten mellan ekologiska, feministiska och dekoloniala praktiker med ett l\u00e5ngsiktigt fokus p\u00e5 \u00d6stersj\u00f6regionen. Som curatorforskare \u00e4r Elfving f\u00f6r n\u00e4rvarande ocks\u00e5 g\u00e4stforskare vid Archipelago Research Institute vid \u00c5bo universitet och forskare vid Centre for Sustainable Ocean Studies vid \u00c5bo Akademi.<\/p><p><strong>Jula Zenetti, <\/strong><strong><u><a href=\"https:\/\/www.ufz.de\/\" data-outlook-id=\"5ebb4a34-1e5d-4d38-860a-adb1ef8ac370\" target=\"_blank\" rel=\"noopener\">UFZ - Helmholtz-centrum f\u00f6r milj\u00f6forskning<\/a><\/u><\/strong><br \/>Jula Zenetti \u00e4r jurist och doktorerar om naturens r\u00e4ttigheter vid Helmholtz Center for Environmental research i Leipzig, Tyskland. Hon analyserar bl.a. lagar, r\u00e4ttsliga beslut och aktuell utveckling i Tyskland och Spanien.<\/p><p><strong>Christiane Bosman, <\/strong><strong><u><a href=\"https:\/\/www.embassyofthenorthsea.com\/\" data-outlook-id=\"52911d19-d822-402d-beac-0920b859fafc\" target=\"_blank\" rel=\"noopener\">Ambassad i Nordsj\u00f6n<\/a><\/u><\/strong><br \/>Christiane Bosman har studerat museologi, konsthistoria och kommunikationsledning. Hon har \u00f6ver 15 \u00e5rs erfarenhet av att kuratera och utveckla kulturella interventioner i den offentliga dom\u00e4nen, med fokus p\u00e5 m\u00e4nskliga icke-m\u00e4nskliga relationer och ekologi sedan 2019. P\u00e5 Nordsj\u00f6ambassaden fungerar hon f\u00f6r n\u00e4rvarande som Communications and Public Programme Director. Hon har samproducerat m\u00e5nga kulturprojekt inom det sociala omr\u00e5det med s\u00e4rskilt fokus p\u00e5 offentligt engagemang p\u00e5 bland annat SKOR | Foundation Art and Public Domain och TAAK cooperative.<\/p><p><strong>Peter Jaspers, <\/strong><strong><u><a href=\"https:\/\/www.bergmann.fi\/\" data-outlook-id=\"7b1b95ea-40f8-43cd-ae0a-b892f6e33bd8\" target=\"_blank\" rel=\"noopener\">Bergarbetare<\/a><\/u><\/strong><br \/>Peter Jaspers bitr\u00e4der f\u00f6retag i deras investeringar och transaktioner i Finland. Han har s\u00e4rskilda styrkor n\u00e4r det g\u00e4ller att st\u00f6dja bygg- och anl\u00e4ggningsprojekt och hj\u00e4lpa f\u00f6retag i offentliga upphandlingsf\u00f6rfaranden. Hans advokatbyr\u00e5 Bergmann &amp; Co. arbetar med flera f\u00f6retag inom omr\u00e5det f\u00f6rnybar energi och ger ut ett antal publikationer, t.ex. om m\u00f6jligheterna med havsbaserade vindkraftsparker.<\/p><p><strong>R\u00fcdiger Strempel, <\/strong><strong><u><a href=\"https:\/\/helcom.fi\/\" data-outlook-id=\"9e4b3381-141d-4cb6-a766-3b436ce1d6d4\" target=\"_blank\" rel=\"noopener\">HELCOM<\/a><\/u><\/strong><br \/>R\u00fcdiger Strempel, som \u00e4r utbildad internationell jurist, \u00e4r sedan den 1 augusti 2019 verkst\u00e4llande sekreterare f\u00f6r HELCOM (Helsingforskommissionen). Han har m\u00e5nga \u00e5rs erfarenhet av milj\u00f6r\u00e4tt, milj\u00f6politik och milj\u00f6diplomati p\u00e5 nationell och internationell niv\u00e5, med s\u00e4rskilt fokus p\u00e5 internationellt marint bevarande. R\u00fcdiger har dessutom en bakgrund som journalist och professionell kommunikat\u00f6r och han \u00e4r f\u00f6rfattare eller medf\u00f6rfattare till ett stort antal artiklar och flera b\u00f6cker.<\/p><p><strong><u><a href=\"https:\/\/www.julialohmann.co.uk\/\" data-outlook-id=\"a5ff07ea-4a34-4a58-b977-634e664df753\" target=\"_blank\" rel=\"noopener\">Julia Lohmann<\/a><\/u><\/strong><br \/>Julia Lohmann \u00e4r professor i samtida design vid Aalto-universitetet. Hon unders\u00f6ker och kritiserar de etiska och materiella v\u00e4rdesystem som ligger till grund f\u00f6r v\u00e5r relation till flora och fauna. Julias forskningsintressen omfattar kritisk praktik och \u00f6verg\u00e5ngsdesign, biomaterial, kollaborativt skapande, museer och residens, f\u00f6rkroppsligad kognition och praktik som forskning. Som designer in residence p\u00e5 Victoria and Albert Museum 2013 etablerade hon Department of Seaweed, en tv\u00e4rvetenskaplig praktikgemenskap som utforskar den marina v\u00e4xtens potential som designmaterial. Hon har en doktorsexamen i Innovation Design Engineering fr\u00e5n Royal College of Art i London. Bland otaliga andra projekt skapar hon skulpturer av sj\u00f6gr\u00e4s och har presenterat dem \u00f6ver hela v\u00e4rlden, senast 2023 p\u00e5 Busanbiennalen i Sydkorea.<\/p><p><span style=\"text-decoration: underline;\"><b><a id=\"OWAdd6cd147-69dd-73ad-a1ee-ff09c92d56d2\" class=\"OWAAutoLink\" title=\"https:\/\/liisaravna.blog\/\" href=\"https:\/\/liisaravna.blog\/\" target=\"_blank\" rel=\"noopener\">Liisa-R\u00e1vn\u00e1 Finbog - L\u00e5t dina r\u00f6tter v\u00e4xa djupt (liisaravna.blog)<\/a><\/b><\/span><br \/>R\u00e1mavuol Liisa-R\u00e1vdn\u00e1 \/Liisa-R\u00e1vn\u00e1 Finbog \u00e4r en samisk forskare, duoj\u00e1r, f\u00f6rfattare och curator. Hon r\u00f6r sig mellan samisk estetik och materialiteten i kreativa praktiker och navigerar i dynamiken mellan finkonst och urfolkspolitik i sitt arbete, b\u00e5de som akademiker och duoj\u00e1r, men ocks\u00e5 i sin curatoriska praktik. Hon var medcurator f\u00f6r den f\u00f6rsta samiska paviljongen p\u00e5 Venedigbiennalen 2022 och har f\u00f6r n\u00e4rvarande en tj\u00e4nst som curator p\u00e5 KORO, den norska regeringens professionella organ f\u00f6r konst i offentliga milj\u00f6er. Hon var ocks\u00e5 den f\u00f6rsta curatorn f\u00f6r diskursiv programmering p\u00e5 Munchmuseet i Oslo, Norge, d\u00e4r hon ocks\u00e5 \u00e4r tilltr\u00e4dande curator f\u00f6r urfolkskonst. Finbog \u00e4r ocks\u00e5 f\u00f6rfattare till It Speaks to You - Making Kin of People, Duodji, and Stories in S\u00e1mi Museums (2023, Dio Press) och redakt\u00f6r f\u00f6r det kommande verket Circumpolar Connections: Creative Indigenous Geographies of the Arctic, som kommer ut i h\u00f6st p\u00e5 Wesleyan University Press.<\/p><p><b>Fredrik Gr\u00f6ndahl<\/b><br \/>Fredrik Gr\u00f6ndahl \u00e4r f\u00f6rest\u00e5ndare f\u00f6r Blue Food vid Kungliga Tekniska H\u00f6gskolan, KTH Stockholm. Hans forskning fokuserar p\u00e5 h\u00e5llbar anv\u00e4ndning av marina resurser f\u00f6r livsmedel, foder, kemikalier och energi. Arbetet \u00e4r inriktat p\u00e5 utveckling av metoder f\u00f6r att utv\u00e4rdera processkedjorna ur ett h\u00e5llbarhetsperspektiv. Under de senaste \u00e5ren har han varit ansvarig f\u00f6r makroalgsarbetet i \u00d6stersj\u00f6regionens projekt <a title=\"https:\/\/www.submariner-project.eu\/\" href=\"https:\/\/www.submariner-project.eu\/\" target=\"_blank\" rel=\"noopener\">Submariner<\/a>. Sedan juli 2013 \u00e4r han projektledare f\u00f6r projektet <a title=\"http:\/\/www.seafarm.se\/\" href=\"http:\/\/www.seafarm.se\/\" target=\"_blank\" rel=\"noopener\">Havsbruk<\/a>. Seafarm \u00e4r ett strategiskt svenskt forskningsprojekt f\u00f6r en biobaserad ekonomi. Gr\u00f6ndahl \u00e4r ocks\u00e5 f\u00f6rfattare till flera l\u00e4rob\u00f6cker inom h\u00e5llbar utveckling, ekologi och milj\u00f6effekter.<\/p><div><strong>Detaljer:<\/strong><\/div><div>\u00a0<\/div><div>Spr\u00e5k: Engelska \/ Pris: Fri entr\u00e9<\/div><div>Adress: Finlands Nationalteater, Willensauna, L\u00e4ntinen Teatterikuja 1, Helsingfors<\/div>\t\t\t\t\t\t\t\t<\/div>\n\t\t\t\t<\/div>\n\t\t\t\t<div class=\"elementor-element elementor-element-fb12977 elementor-widget elementor-widget-image\" data-id=\"fb12977\" data-element_type=\"widget\" data-e-type=\"widget\" data-widget_type=\"image.default\">\n\t\t\t\t<div class=\"elementor-widget-container\">\n\t\t\t\t\t\t\t\t\t\t\t\t\t\t\t<img fetchpriority=\"high\" decoding=\"async\" width=\"500\" height=\"234\" src=\"https:\/\/www.solidstream.fi\/wp-content\/uploads\/2024\/08\/Logo_Goethe-Institut_PIENI.png\" class=\"attachment-full size-full wp-image-4716\" alt=\"\" srcset=\"https:\/\/www.solidstream.fi\/wp-content\/uploads\/2024\/08\/Logo_Goethe-Institut_PIENI.png 500w, https:\/\/www.solidstream.fi\/wp-content\/uploads\/2024\/08\/Logo_Goethe-Institut_PIENI-300x140.png 300w, https:\/\/www.solidstream.fi\/wp-content\/uploads\/2024\/08\/Logo_Goethe-Institut_PIENI-18x8.png 18w\" sizes=\"(max-width: 500px) 100vw, 500px\" \/>\t\t\t\t\t\t\t\t\t\t\t\t\t\t\t<\/div>\n\t\t\t\t<\/div>\n\t\t\t\t\t<\/div>\n\t\t<\/div>\n\t\t\t\t\t<\/div>\n\t\t<\/section>\n\t\t\t\t<\/div>","protected":false},"excerpt":{"rendered":"<p>Can waters sue? -panel discussion A cross-disciplinary dialogue The Baltic Sea and other bodies of water: eutrophication, hazardous substances, overfishing, loss of biodiversity, polluted archipelagos, rivers and lakes&#8230; Our waters have no borders. How to protect them and us? How about the voice of nature? The Mar Menor, a highly polluted Lagoon in Murcia, Spain [&hellip;]<\/p>\n","protected":false},"author":1,"featured_media":0,"parent":0,"menu_order":0,"comment_status":"closed","ping_status":"closed","template":"elementor_canvas","meta":{"footnotes":""},"class_list":["post-4662","page","type-page","status-publish","hentry"],"_links":{"self":[{"href":"https:\/\/www.solidstream.fi\/sv\/wp-json\/wp\/v2\/pages\/4662","targetHints":{"allow":["GET"]}}],"collection":[{"href":"https:\/\/www.solidstream.fi\/sv\/wp-json\/wp\/v2\/pages"}],"about":[{"href":"https:\/\/www.solidstream.fi\/sv\/wp-json\/wp\/v2\/types\/page"}],"author":[{"embeddable":true,"href":"https:\/\/www.solidstream.fi\/sv\/wp-json\/wp\/v2\/users\/1"}],"replies":[{"embeddable":true,"href":"https:\/\/www.solidstream.fi\/sv\/wp-json\/wp\/v2\/comments?post=4662"}],"version-history":[{"count":36,"href":"https:\/\/www.solidstream.fi\/sv\/wp-json\/wp\/v2\/pages\/4662\/revisions"}],"predecessor-version":[{"id":4890,"href":"https:\/\/www.solidstream.fi\/sv\/wp-json\/wp\/v2\/pages\/4662\/revisions\/4890"}],"wp:attachment":[{"href":"https:\/\/www.solidstream.fi\/sv\/wp-json\/wp\/v2\/media?parent=4662"}],"curies":[{"name":"wp","href":"https:\/\/api.w.org\/{rel}","templated":true}]}}