{"id":5024,"date":"2024-11-11T09:22:59","date_gmt":"2024-11-11T09:22:59","guid":{"rendered":"https:\/\/www.solidstream.fi\/?page_id=5024"},"modified":"2024-11-11T09:52:35","modified_gmt":"2024-11-11T09:52:35","slug":"eu-rahoitus","status":"publish","type":"page","link":"https:\/\/www.solidstream.fi\/sv\/eu-rahoitus\/","title":{"rendered":"EU-finansiering"},"content":{"rendered":"<div data-elementor-type=\"wp-page\" data-elementor-id=\"5024\" class=\"elementor elementor-5024\" data-elementor-post-type=\"page\">\n\t\t\t\t\t\t<section class=\"elementor-section elementor-top-section elementor-element elementor-element-7b0d7ed elementor-section-boxed elementor-section-height-default elementor-section-height-default\" data-id=\"7b0d7ed\" data-element_type=\"section\" data-e-type=\"section\">\n\t\t\t\t\t\t<div class=\"elementor-container elementor-column-gap-default\">\n\t\t\t\t\t<div class=\"elementor-column elementor-col-100 elementor-top-column elementor-element elementor-element-2b46ccc\" data-id=\"2b46ccc\" data-element_type=\"column\" data-e-type=\"column\">\n\t\t\t<div class=\"elementor-widget-wrap elementor-element-populated\">\n\t\t\t\t\t\t<section class=\"elementor-section elementor-inner-section elementor-element elementor-element-8ea48db elementor-section-boxed elementor-section-height-default elementor-section-height-default\" data-id=\"8ea48db\" data-element_type=\"section\" data-e-type=\"section\">\n\t\t\t\t\t\t<div class=\"elementor-container elementor-column-gap-default\">\n\t\t\t\t\t<div class=\"elementor-column elementor-col-100 elementor-inner-column elementor-element elementor-element-2232270\" data-id=\"2232270\" data-element_type=\"column\" data-e-type=\"column\">\n\t\t\t<div class=\"elementor-widget-wrap elementor-element-populated\">\n\t\t\t\t\t\t<div class=\"elementor-element elementor-element-0656275 elementor-widget elementor-widget-heading\" data-id=\"0656275\" data-element_type=\"widget\" data-e-type=\"widget\" data-widget_type=\"heading.default\">\n\t\t\t\t<div class=\"elementor-widget-container\">\n\t\t\t\t\t<h1 class=\"elementor-heading-title elementor-size-default\">EU-finansiering<\/h1>\t\t\t\t<\/div>\n\t\t\t\t<\/div>\n\t\t\t\t<div class=\"elementor-element elementor-element-d3f223e elementor-widget elementor-widget-text-editor\" data-id=\"d3f223e\" data-element_type=\"widget\" data-e-type=\"widget\" data-widget_type=\"text-editor.default\">\n\t\t\t\t<div class=\"elementor-widget-container\">\n\t\t\t\t\t\t\t\t\t<p class=\"p1\">Solid Stream Oy har erh\u00e5llit EU-st\u00f6d f\u00f6r sitt projekt.<\/p><p class=\"p1\">M\u00e5let \u00e4r att utveckla en egen molnarkitektur f\u00f6r en l\u00e4ttanv\u00e4nd och enkel streamingtj\u00e4nst som kan anv\u00e4ndas f\u00f6r alla interna produktioner och \u00f6ppnas upp f\u00f6r tredje part, vilket ger betydande kostnadsbesparingar f\u00f6r b\u00e5de interna och externa produktioner.<\/p><p class=\"p1\">Eftersom livestreaming inte k\u00e4nner n\u00e5gra geografiska gr\u00e4nser kommer tj\u00e4nsten att s\u00e4ljas och marknadsf\u00f6ras internationellt s\u00e5 snart den \u00e4r redo f\u00f6r kommersiell produktion.<\/p>\t\t\t\t\t\t\t\t<\/div>\n\t\t\t\t<\/div>\n\t\t\t\t\t<\/div>\n\t\t<\/div>\n\t\t\t\t\t<\/div>\n\t\t<\/section>\n\t\t\t\t<div class=\"elementor-element elementor-element-e33661c elementor-widget elementor-widget-image\" data-id=\"e33661c\" data-element_type=\"widget\" data-e-type=\"widget\" data-widget_type=\"image.default\">\n\t\t\t\t<div class=\"elementor-widget-container\">\n\t\t\t\t\t\t\t\t\t\t\t\t\t\t\t<img fetchpriority=\"high\" decoding=\"async\" width=\"768\" height=\"182\" src=\"https:\/\/www.solidstream.fi\/wp-content\/uploads\/2021\/02\/FI_Co-fundedbytheEU_RGB_POS-768x182.png\" class=\"attachment-medium_large size-medium_large wp-image-5016\" alt=\"\" srcset=\"https:\/\/www.solidstream.fi\/wp-content\/uploads\/2021\/02\/FI_Co-fundedbytheEU_RGB_POS-768x182.png 768w, https:\/\/www.solidstream.fi\/wp-content\/uploads\/2021\/02\/FI_Co-fundedbytheEU_RGB_POS-300x71.png 300w, https:\/\/www.solidstream.fi\/wp-content\/uploads\/2021\/02\/FI_Co-fundedbytheEU_RGB_POS-1024x243.png 1024w, https:\/\/www.solidstream.fi\/wp-content\/uploads\/2021\/02\/FI_Co-fundedbytheEU_RGB_POS-1536x365.png 1536w, https:\/\/www.solidstream.fi\/wp-content\/uploads\/2021\/02\/FI_Co-fundedbytheEU_RGB_POS-2048x487.png 2048w\" sizes=\"(max-width: 768px) 100vw, 768px\" \/>\t\t\t\t\t\t\t\t\t\t\t\t\t\t\t<\/div>\n\t\t\t\t<\/div>\n\t\t\t\t<section class=\"elementor-section elementor-inner-section elementor-element elementor-element-58e5d71 elementor-section-boxed elementor-section-height-default elementor-section-height-default\" data-id=\"58e5d71\" data-element_type=\"section\" data-e-type=\"section\">\n\t\t\t\t\t\t<div class=\"elementor-container elementor-column-gap-default\">\n\t\t\t\t\t<div class=\"elementor-column elementor-col-100 elementor-inner-column elementor-element elementor-element-2c441a9\" data-id=\"2c441a9\" data-element_type=\"column\" data-e-type=\"column\">\n\t\t\t<div class=\"elementor-widget-wrap\">\n\t\t\t\t\t\t\t<\/div>\n\t\t<\/div>\n\t\t\t\t\t<\/div>\n\t\t<\/section>\n\t\t\t\t<section class=\"elementor-section elementor-inner-section elementor-element elementor-element-f1b0192 elementor-section-boxed elementor-section-height-default elementor-section-height-default\" data-id=\"f1b0192\" data-element_type=\"section\" data-e-type=\"section\">\n\t\t\t\t\t\t<div class=\"elementor-container elementor-column-gap-default\">\n\t\t\t\t\t<div class=\"elementor-column elementor-col-50 elementor-inner-column elementor-element elementor-element-745f203\" data-id=\"745f203\" data-element_type=\"column\" data-e-type=\"column\">\n\t\t\t<div class=\"elementor-widget-wrap elementor-element-populated\">\n\t\t\t\t\t\t<div class=\"elementor-element elementor-element-b010bc6 elementor-widget elementor-widget-image\" data-id=\"b010bc6\" data-element_type=\"widget\" data-e-type=\"widget\" data-widget_type=\"image.default\">\n\t\t\t\t<div class=\"elementor-widget-container\">\n\t\t\t\t\t\t\t\t\t\t\t\t\t\t\t<img decoding=\"async\" src=\"https:\/\/www.solidstream.fi\/wp-content\/uploads\/2023\/03\/20230125_VISIO_STRIMI_ETA_SOMEKUVA_2048.jpg\" title=\"\" alt=\"\" loading=\"lazy\" \/>\t\t\t\t\t\t\t\t\t\t\t\t\t\t\t<\/div>\n\t\t\t\t<\/div>\n\t\t\t\t\t<\/div>\n\t\t<\/div>\n\t\t\t\t<div class=\"elementor-column elementor-col-50 elementor-inner-column elementor-element elementor-element-ec15d45\" data-id=\"ec15d45\" data-element_type=\"column\" data-e-type=\"column\">\n\t\t\t<div class=\"elementor-widget-wrap elementor-element-populated\">\n\t\t\t\t\t\t<div class=\"elementor-element elementor-element-8a9991a elementor-widget elementor-widget-image\" data-id=\"8a9991a\" data-element_type=\"widget\" data-e-type=\"widget\" data-widget_type=\"image.default\">\n\t\t\t\t<div class=\"elementor-widget-container\">\n\t\t\t\t\t\t\t\t\t\t\t\t\t\t\t<img decoding=\"async\" src=\"https:\/\/www.solidstream.fi\/wp-content\/uploads\/2023\/03\/20221221_solid_lego_logo_postaus_01_2048.jpg\" title=\"\" alt=\"\" loading=\"lazy\" \/>\t\t\t\t\t\t\t\t\t\t\t\t\t\t\t<\/div>\n\t\t\t\t<\/div>\n\t\t\t\t\t<\/div>\n\t\t<\/div>\n\t\t\t\t\t<\/div>\n\t\t<\/section>\n\t\t\t\t<section class=\"elementor-section elementor-inner-section elementor-element elementor-element-c1f81f4 elementor-section-boxed elementor-section-height-default elementor-section-height-default\" data-id=\"c1f81f4\" data-element_type=\"section\" data-e-type=\"section\">\n\t\t\t\t\t\t<div class=\"elementor-container elementor-column-gap-default\">\n\t\t\t\t\t<div class=\"elementor-column elementor-col-50 elementor-inner-column elementor-element elementor-element-5d7d0e2\" data-id=\"5d7d0e2\" data-element_type=\"column\" data-e-type=\"column\">\n\t\t\t<div class=\"elementor-widget-wrap elementor-element-populated\">\n\t\t\t\t\t\t<div class=\"elementor-element elementor-element-4da3bfa elementor-widget elementor-widget-image\" data-id=\"4da3bfa\" data-element_type=\"widget\" data-e-type=\"widget\" data-widget_type=\"image.default\">\n\t\t\t\t<div class=\"elementor-widget-container\">\n\t\t\t\t\t\t\t\t\t\t\t\t\t\t\t<img decoding=\"async\" src=\"https:\/\/www.solidstream.fi\/wp-content\/uploads\/2023\/03\/20221207_hiirimatto_ja_muki_postaus_2048.jpg\" title=\"\" alt=\"\" loading=\"lazy\" \/>\t\t\t\t\t\t\t\t\t\t\t\t\t\t\t<\/div>\n\t\t\t\t<\/div>\n\t\t\t\t\t<\/div>\n\t\t<\/div>\n\t\t\t\t<div class=\"elementor-column elementor-col-50 elementor-inner-column elementor-element elementor-element-b6de374\" data-id=\"b6de374\" data-element_type=\"column\" data-e-type=\"column\">\n\t\t\t<div class=\"elementor-widget-wrap elementor-element-populated\">\n\t\t\t\t\t\t<div class=\"elementor-element elementor-element-849642f elementor-widget elementor-widget-image\" data-id=\"849642f\" data-element_type=\"widget\" data-e-type=\"widget\" data-widget_type=\"image.default\">\n\t\t\t\t<div class=\"elementor-widget-container\">\n\t\t\t\t\t\t\t\t\t\t\t\t\t\t\t<img decoding=\"async\" src=\"https:\/\/www.solidstream.fi\/wp-content\/uploads\/2023\/03\/20230207_NY_STUDIO_ROOPE_2048.jpg\" title=\"\" alt=\"\" loading=\"lazy\" \/>\t\t\t\t\t\t\t\t\t\t\t\t\t\t\t<\/div>\n\t\t\t\t<\/div>\n\t\t\t\t\t<\/div>\n\t\t<\/div>\n\t\t\t\t\t<\/div>\n\t\t<\/section>\n\t\t\t\t\t<\/div>\n\t\t<\/div>\n\t\t\t\t\t<\/div>\n\t\t<\/section>\n\t\t\t\t<section class=\"elementor-section elementor-top-section elementor-element elementor-element-8ba3e40 elementor-section-boxed elementor-section-height-default elementor-section-height-default\" data-id=\"8ba3e40\" data-element_type=\"section\" data-e-type=\"section\">\n\t\t\t\t\t\t<div class=\"elementor-container elementor-column-gap-default\">\n\t\t\t\t\t<div class=\"elementor-column elementor-col-100 elementor-top-column elementor-element elementor-element-e0b263f\" data-id=\"e0b263f\" data-element_type=\"column\" data-e-type=\"column\">\n\t\t\t<div class=\"elementor-widget-wrap\">\n\t\t\t\t\t\t\t<\/div>\n\t\t<\/div>\n\t\t\t\t\t<\/div>\n\t\t<\/section>\n\t\t\t\t<\/div>","protected":false},"excerpt":{"rendered":"<p>EU-rahoitus Solid Stream Oy on saanut EU-tukea hankkeeseensa. Tavoitteena on kehitt\u00e4\u00e4 oma pilviarkkitehtuuri helppok\u00e4ytt\u00f6iselle ja yksinkertaiselle streamingpalvelulle, jonka kautta voidaan toteuttaa kaikki oma tuotanto ja avata palvelu kolmansille osapuolille tuottaen merkitt\u00e4vi\u00e4 kustannuss\u00e4\u00e4st\u00f6j\u00e4 sek\u00e4 omiin ett\u00e4 kolmansien osapuolten tuotantoihin. Koska livestriimaus ei tunne maantieteellisi\u00e4 rajoja, palvelua tullaan myym\u00e4\u00e4n ja markkinoimaan v\u00e4litt\u00f6m\u00e4sti kansainv\u00e4lisesti, kun se ensin saadaan [&hellip;]<\/p>\n","protected":false},"author":1,"featured_media":0,"parent":0,"menu_order":0,"comment_status":"closed","ping_status":"closed","template":"","meta":{"footnotes":""},"class_list":["post-5024","page","type-page","status-publish","hentry"],"_links":{"self":[{"href":"https:\/\/www.solidstream.fi\/sv\/wp-json\/wp\/v2\/pages\/5024","targetHints":{"allow":["GET"]}}],"collection":[{"href":"https:\/\/www.solidstream.fi\/sv\/wp-json\/wp\/v2\/pages"}],"about":[{"href":"https:\/\/www.solidstream.fi\/sv\/wp-json\/wp\/v2\/types\/page"}],"author":[{"embeddable":true,"href":"https:\/\/www.solidstream.fi\/sv\/wp-json\/wp\/v2\/users\/1"}],"replies":[{"embeddable":true,"href":"https:\/\/www.solidstream.fi\/sv\/wp-json\/wp\/v2\/comments?post=5024"}],"version-history":[{"count":8,"href":"https:\/\/www.solidstream.fi\/sv\/wp-json\/wp\/v2\/pages\/5024\/revisions"}],"predecessor-version":[{"id":5034,"href":"https:\/\/www.solidstream.fi\/sv\/wp-json\/wp\/v2\/pages\/5024\/revisions\/5034"}],"wp:attachment":[{"href":"https:\/\/www.solidstream.fi\/sv\/wp-json\/wp\/v2\/media?parent=5024"}],"curies":[{"name":"wp","href":"https:\/\/api.w.org\/{rel}","templated":true}]}}