{"id":7135,"date":"2025-11-26T09:17:23","date_gmt":"2025-11-26T09:17:23","guid":{"rendered":"https:\/\/www.solidstream.fi\/?page_id=7135"},"modified":"2025-11-26T09:51:21","modified_gmt":"2025-11-26T09:51:21","slug":"blogi","status":"publish","type":"page","link":"https:\/\/www.solidstream.fi\/sv\/blogi\/","title":{"rendered":"Blogg"},"content":{"rendered":"<div data-elementor-type=\"wp-page\" data-elementor-id=\"7135\" class=\"elementor elementor-7135\" data-elementor-post-type=\"page\">\n\t\t\t\t\t\t<section class=\"elementor-section elementor-top-section elementor-element elementor-element-8ad703d elementor-section-boxed elementor-section-height-default elementor-section-height-default\" data-id=\"8ad703d\" data-element_type=\"section\" data-e-type=\"section\">\n\t\t\t\t\t\t<div class=\"elementor-container elementor-column-gap-default\">\n\t\t\t\t\t<div class=\"elementor-column elementor-col-100 elementor-top-column elementor-element elementor-element-a38d92f\" data-id=\"a38d92f\" data-element_type=\"column\" data-e-type=\"column\">\n\t\t\t<div class=\"elementor-widget-wrap elementor-element-populated\">\n\t\t\t\t\t\t<div class=\"elementor-element elementor-element-b627fd3 elementor-widget elementor-widget-heading\" data-id=\"b627fd3\" data-element_type=\"widget\" data-e-type=\"widget\" data-widget_type=\"heading.default\">\n\t\t\t\t<div class=\"elementor-widget-container\">\n\t\t\t\t\t<h2 class=\"elementor-heading-title elementor-size-default\">BLOGG<\/h2>\t\t\t\t<\/div>\n\t\t\t\t<\/div>\n\t\t\t\t<div class=\"elementor-element elementor-element-da376d2 elementor-widget elementor-widget-spacer\" data-id=\"da376d2\" data-element_type=\"widget\" data-e-type=\"widget\" data-widget_type=\"spacer.default\">\n\t\t\t\t<div class=\"elementor-widget-container\">\n\t\t\t\t\t\t\t<div class=\"elementor-spacer\">\n\t\t\t<div class=\"elementor-spacer-inner\"><\/div>\n\t\t<\/div>\n\t\t\t\t\t\t<\/div>\n\t\t\t\t<\/div>\n\t\t\t\t<div class=\"elementor-element elementor-element-627e7d4 elementor-grid-3 elementor-grid-tablet-2 elementor-grid-mobile-1 elementor-posts--thumbnail-top load-more-align-center elementor-widget elementor-widget-posts\" data-id=\"627e7d4\" data-element_type=\"widget\" data-e-type=\"widget\" data-settings=\"{&quot;pagination_type&quot;:&quot;load_more_on_click&quot;,&quot;classic_columns&quot;:&quot;3&quot;,&quot;classic_columns_tablet&quot;:&quot;2&quot;,&quot;classic_columns_mobile&quot;:&quot;1&quot;,&quot;classic_row_gap&quot;:{&quot;unit&quot;:&quot;px&quot;,&quot;size&quot;:35,&quot;sizes&quot;:[]},&quot;classic_row_gap_tablet&quot;:{&quot;unit&quot;:&quot;px&quot;,&quot;size&quot;:&quot;&quot;,&quot;sizes&quot;:[]},&quot;classic_row_gap_mobile&quot;:{&quot;unit&quot;:&quot;px&quot;,&quot;size&quot;:&quot;&quot;,&quot;sizes&quot;:[]},&quot;load_more_spinner&quot;:{&quot;value&quot;:&quot;fas fa-spinner&quot;,&quot;library&quot;:&quot;fa-solid&quot;}}\" data-widget_type=\"posts.classic\">\n\t\t\t\t<div class=\"elementor-widget-container\">\n\t\t\t\t\t\t\t<div class=\"elementor-posts-container elementor-posts elementor-posts--skin-classic elementor-grid\" role=\"list\">\n\t\t\t\t<article class=\"elementor-post elementor-grid-item post-8453 post type-post status-publish format-standard has-post-thumbnail hentry category-hybridituotanto category-striimaus category-tapahtuma tag-stream tag-striimaus tag-tapahtuma\" role=\"listitem\">\n\t\t\t\t<a class=\"elementor-post__thumbnail__link\" href=\"https:\/\/www.solidstream.fi\/sv\/tietokirjafestivaali\/\" tabindex=\"-1\">\n\t\t\t<div class=\"elementor-post__thumbnail\"><img fetchpriority=\"high\" decoding=\"async\" width=\"300\" height=\"300\" src=\"https:\/\/www.solidstream.fi\/wp-content\/uploads\/2026\/04\/IMG_8734-Large-300x300.jpeg\" class=\"attachment-medium size-medium wp-image-8026\" alt=\"\" srcset=\"https:\/\/www.solidstream.fi\/wp-content\/uploads\/2026\/04\/IMG_8734-Large-300x300.jpeg 300w, https:\/\/www.solidstream.fi\/wp-content\/uploads\/2026\/04\/IMG_8734-Large-1024x1024.jpeg 1024w, https:\/\/www.solidstream.fi\/wp-content\/uploads\/2026\/04\/IMG_8734-Large-150x150.jpeg 150w, https:\/\/www.solidstream.fi\/wp-content\/uploads\/2026\/04\/IMG_8734-Large-768x768.jpeg 768w, https:\/\/www.solidstream.fi\/wp-content\/uploads\/2026\/04\/IMG_8734-Large-12x12.jpeg 12w, https:\/\/www.solidstream.fi\/wp-content\/uploads\/2026\/04\/IMG_8734-Large.jpeg 1280w\" sizes=\"(max-width: 300px) 100vw, 300px\" \/><\/div>\n\t\t<\/a>\n\t\t\t\t<div class=\"elementor-post__text\">\n\t\t\t\t<h3 class=\"elementor-post__title\">\n\t\t\t<a href=\"https:\/\/www.solidstream.fi\/sv\/tietokirjafestivaali\/\">\n\t\t\t\tDirekts\u00e4nd konferens: Encyklopedins festival\t\t\t<\/a>\n\t\t<\/h3>\n\t\t\t\t<div class=\"elementor-post__meta-data\">\n\t\t\t\t\t<span class=\"elementor-post-author\">\n\t\t\tPanu Somerma\t\t<\/span>\n\t\t\t\t<span class=\"elementor-post-date\">\n\t\t\t08\/04\/2026\t\t<\/span>\n\t\t\t\t<\/div>\n\t\t\t\t<div class=\"elementor-post__excerpt\">\n\t\t\t<p>Scenen f\u00f6r Notebook Festivals. Tietokirjafestivalen h\u00f6lls p\u00e5 Tekstin talo i Helsingfors, d\u00e4r dagen bj\u00f6d p\u00e5 en rad paneldiskussioner och intervjuer mellan f\u00f6rfattare och experter p\u00e5 scenen. Programmet bestod av ett intensivt diskussionsformat med en snabb oms\u00e4ttning av talare. En dag<\/p>\n\t\t<\/div>\n\t\t\n\t\t<a class=\"elementor-post__read-more\" href=\"https:\/\/www.solidstream.fi\/sv\/tietokirjafestivaali\/\" aria-label=\"L\u00e4s mer om Konferenssin live-l\u00e4hetys: Tietokirjafestivaali\" tabindex=\"-1\">\n\t\t\tL\u00e4s mer \u00bb\t\t<\/a>\n\n\t\t\t\t<\/div>\n\t\t\t\t<\/article>\n\t\t\t\t<article class=\"elementor-post elementor-grid-item post-8448 post type-post status-publish format-standard has-post-thumbnail hentry category-webinaari category-striimaus category-studio tag-stream tag-striimaus tag-striimauspalvelut tag-studio tag-webinaari tag-webinaarisarja\" role=\"listitem\">\n\t\t\t\t<a class=\"elementor-post__thumbnail__link\" href=\"https:\/\/www.solidstream.fi\/sv\/skhole-rateko\/\" tabindex=\"-1\">\n\t\t\t<div class=\"elementor-post__thumbnail\"><img decoding=\"async\" width=\"300\" height=\"300\" src=\"https:\/\/www.solidstream.fi\/wp-content\/uploads\/2026\/04\/20251023_TIETOTURVAWEBINAARI_SOME_01-Large-300x300.jpeg\" class=\"attachment-medium size-medium wp-image-8016\" alt=\"\" srcset=\"https:\/\/www.solidstream.fi\/wp-content\/uploads\/2026\/04\/20251023_TIETOTURVAWEBINAARI_SOME_01-Large-300x300.jpeg 300w, https:\/\/www.solidstream.fi\/wp-content\/uploads\/2026\/04\/20251023_TIETOTURVAWEBINAARI_SOME_01-Large-1024x1024.jpeg 1024w, https:\/\/www.solidstream.fi\/wp-content\/uploads\/2026\/04\/20251023_TIETOTURVAWEBINAARI_SOME_01-Large-150x150.jpeg 150w, https:\/\/www.solidstream.fi\/wp-content\/uploads\/2026\/04\/20251023_TIETOTURVAWEBINAARI_SOME_01-Large-768x768.jpeg 768w, https:\/\/www.solidstream.fi\/wp-content\/uploads\/2026\/04\/20251023_TIETOTURVAWEBINAARI_SOME_01-Large-12x12.jpeg 12w, https:\/\/www.solidstream.fi\/wp-content\/uploads\/2026\/04\/20251023_TIETOTURVAWEBINAARI_SOME_01-Large.jpeg 1280w\" sizes=\"(max-width: 300px) 100vw, 300px\" \/><\/div>\n\t\t<\/a>\n\t\t\t\t<div class=\"elementor-post__text\">\n\t\t\t\t<h3 class=\"elementor-post__title\">\n\t\t\t<a href=\"https:\/\/www.solidstream.fi\/sv\/skhole-rateko\/\">\n\t\t\t\tWebbinarieserie: skhole \/ RATEKO\t\t\t<\/a>\n\t\t<\/h3>\n\t\t\t\t<div class=\"elementor-post__meta-data\">\n\t\t\t\t\t<span class=\"elementor-post-author\">\n\t\t\tPanu Somerma\t\t<\/span>\n\t\t\t\t<span class=\"elementor-post-date\">\n\t\t\t08\/04\/2026\t\t<\/span>\n\t\t\t\t<\/div>\n\t\t\t\t<div class=\"elementor-post__excerpt\">\n\t\t\t<p>I produktionen av webbinariet. N\u00e4r flera webbinarier arrangeras under ett \u00e5r b\u00f6r produktionen struktureras som en serie snarare \u00e4n som enskilda projekt. SKHOLE och RATEKO \u00e4r goda exempel p\u00e5 hur produktionen av webbinarier blir effektivare n\u00e4r helheten planeras \u00f6ver flera projekt.<\/p>\n\t\t<\/div>\n\t\t\n\t\t<a class=\"elementor-post__read-more\" href=\"https:\/\/www.solidstream.fi\/sv\/skhole-rateko\/\" aria-label=\"L\u00e4s mer om Webinaarisarja: Skhole \/ RATEKO\" tabindex=\"-1\">\n\t\t\tL\u00e4s mer \u00bb\t\t<\/a>\n\n\t\t\t\t<\/div>\n\t\t\t\t<\/article>\n\t\t\t\t<article class=\"elementor-post elementor-grid-item post-8443 post type-post status-publish format-standard has-post-thumbnail hentry category-hybridituotanto category-sisallontuotanto category-striimaus category-tapahtuma tag-hybridijuhla tag-hybriditapahtuma tag-striimaus tag-tapahtuma\" role=\"listitem\">\n\t\t\t\t<a class=\"elementor-post__thumbnail__link\" href=\"https:\/\/www.solidstream.fi\/sv\/suomi-hong-kong-kauppayhdistys\/\" tabindex=\"-1\">\n\t\t\t<div class=\"elementor-post__thumbnail\"><img decoding=\"async\" width=\"300\" height=\"168\" src=\"https:\/\/www.solidstream.fi\/wp-content\/uploads\/2026\/04\/suomi-HK-300x168.jpeg\" class=\"attachment-medium size-medium wp-image-8472\" alt=\"\" srcset=\"https:\/\/www.solidstream.fi\/wp-content\/uploads\/2026\/04\/suomi-HK-300x168.jpeg 300w, https:\/\/www.solidstream.fi\/wp-content\/uploads\/2026\/04\/suomi-HK-1024x574.jpeg 1024w, https:\/\/www.solidstream.fi\/wp-content\/uploads\/2026\/04\/suomi-HK-768x431.jpeg 768w, https:\/\/www.solidstream.fi\/wp-content\/uploads\/2026\/04\/suomi-HK-18x10.jpeg 18w, https:\/\/www.solidstream.fi\/wp-content\/uploads\/2026\/04\/suomi-HK.jpeg 1280w\" sizes=\"(max-width: 300px) 100vw, 300px\" \/><\/div>\n\t\t<\/a>\n\t\t\t\t<div class=\"elementor-post__text\">\n\t\t\t\t<h3 class=\"elementor-post__title\">\n\t\t\t<a href=\"https:\/\/www.solidstream.fi\/sv\/suomi-hong-kong-kauppayhdistys\/\">\n\t\t\t\tHybridevenemang: Finland - Hong Kong Trade Association\t\t\t<\/a>\n\t\t<\/h3>\n\t\t\t\t<div class=\"elementor-post__meta-data\">\n\t\t\t\t\t<span class=\"elementor-post-author\">\n\t\t\tPanu Somerma\t\t<\/span>\n\t\t\t\t<span class=\"elementor-post-date\">\n\t\t\t08\/04\/2026\t\t<\/span>\n\t\t\t\t<\/div>\n\t\t\t\t<div class=\"elementor-post__excerpt\">\n\t\t\t<p>Ett hybridevenemang i en enorm milj\u00f6. Ett hybridevent \u00e4r i princip tv\u00e5 event p\u00e5 samma g\u00e5ng. Det ena evenemanget \u00e4ger rum p\u00e5 plats och det andra online. B\u00e5da m\u00e5ste fungera lika bra. Finland-Hong Kong Trade Association ordnar \u00e5rligen ett expert-evenemang,<\/p>\n\t\t<\/div>\n\t\t\n\t\t<a class=\"elementor-post__read-more\" href=\"https:\/\/www.solidstream.fi\/sv\/suomi-hong-kong-kauppayhdistys\/\" aria-label=\"L\u00e4s mer om Hybriditapahtuma: Suomi &#8211; Hong Kong kauppayhdistys\" tabindex=\"-1\">\n\t\t\tL\u00e4s mer \u00bb\t\t<\/a>\n\n\t\t\t\t<\/div>\n\t\t\t\t<\/article>\n\t\t\t\t<article class=\"elementor-post elementor-grid-item post-8411 post type-post status-publish format-standard has-post-thumbnail hentry category-striimaus category-etayhteys category-studio tag-striimaus tag-studio\" role=\"listitem\">\n\t\t\t\t<a class=\"elementor-post__thumbnail__link\" href=\"https:\/\/www.solidstream.fi\/sv\/expertise-france-2026\/\" tabindex=\"-1\">\n\t\t\t<div class=\"elementor-post__thumbnail\"><img loading=\"lazy\" decoding=\"async\" width=\"300\" height=\"200\" src=\"https:\/\/www.solidstream.fi\/wp-content\/uploads\/2026\/04\/DSC00037-1-300x200.jpg\" class=\"attachment-medium size-medium wp-image-8340\" alt=\"\" srcset=\"https:\/\/www.solidstream.fi\/wp-content\/uploads\/2026\/04\/DSC00037-1-300x200.jpg 300w, https:\/\/www.solidstream.fi\/wp-content\/uploads\/2026\/04\/DSC00037-1-1024x682.jpg 1024w, https:\/\/www.solidstream.fi\/wp-content\/uploads\/2026\/04\/DSC00037-1-768x512.jpg 768w, https:\/\/www.solidstream.fi\/wp-content\/uploads\/2026\/04\/DSC00037-1-1536x1024.jpg 1536w, https:\/\/www.solidstream.fi\/wp-content\/uploads\/2026\/04\/DSC00037-1-18x12.jpg 18w, https:\/\/www.solidstream.fi\/wp-content\/uploads\/2026\/04\/DSC00037-1.jpg 2000w\" sizes=\"(max-width: 300px) 100vw, 300px\" \/><\/div>\n\t\t<\/a>\n\t\t\t\t<div class=\"elementor-post__text\">\n\t\t\t\t<h3 class=\"elementor-post__title\">\n\t\t\t<a href=\"https:\/\/www.solidstream.fi\/sv\/expertise-france-2026\/\">\n\t\t\t\tKr\u00e4vande direkts\u00e4ndning: Expertise France 2026\t\t\t<\/a>\n\t\t<\/h3>\n\t\t\t\t<div class=\"elementor-post__meta-data\">\n\t\t\t\t\t<span class=\"elementor-post-author\">\n\t\t\tPanu Somerma\t\t<\/span>\n\t\t\t\t<span class=\"elementor-post-date\">\n\t\t\t08\/04\/2026\t\t<\/span>\n\t\t\t\t<\/div>\n\t\t\t\t<div class=\"elementor-post__excerpt\">\n\t\t\t<p>En elegant studio byggdes f\u00f6r s\u00e4ndningen. N\u00e4r en s\u00e4ndning \u00e4r mer \u00e4n en str\u00f6m beh\u00f6ver du r\u00e4tt produktionsteam. Expertise France beh\u00f6vde en lokal produktionspartner i Finland som kunde leverera en internationell s\u00e4ndning med s\u00e4ndningskrav p\u00e5 TV-niv\u00e5, flera backuper och<\/p>\n\t\t<\/div>\n\t\t\n\t\t<a class=\"elementor-post__read-more\" href=\"https:\/\/www.solidstream.fi\/sv\/expertise-france-2026\/\" aria-label=\"L\u00e4s mer om Vaativa live-l\u00e4hetys: Expertise France 2026\" tabindex=\"-1\">\n\t\t\tL\u00e4s mer \u00bb\t\t<\/a>\n\n\t\t\t\t<\/div>\n\t\t\t\t<\/article>\n\t\t\t\t<article class=\"elementor-post elementor-grid-item post-7287 post type-post status-publish format-standard has-post-thumbnail hentry category-uutiset tag-hybridijuhla tag-striimaus tag-tapahtuma tag-tekoaly tag-trendit-2026\" role=\"listitem\">\n\t\t\t\t<a class=\"elementor-post__thumbnail__link\" href=\"https:\/\/www.solidstream.fi\/sv\/vuoden-2026-trendit\/\" tabindex=\"-1\">\n\t\t\t<div class=\"elementor-post__thumbnail\"><img loading=\"lazy\" decoding=\"async\" width=\"300\" height=\"300\" src=\"https:\/\/www.solidstream.fi\/wp-content\/uploads\/2025\/12\/BOOST_HYBRID_SOME_05-300x300.jpeg\" class=\"attachment-medium size-medium wp-image-7289\" alt=\"Vuoden 2026 trendit\" srcset=\"https:\/\/www.solidstream.fi\/wp-content\/uploads\/2025\/12\/BOOST_HYBRID_SOME_05-300x300.jpeg 300w, https:\/\/www.solidstream.fi\/wp-content\/uploads\/2025\/12\/BOOST_HYBRID_SOME_05-1024x1024.jpeg 1024w, https:\/\/www.solidstream.fi\/wp-content\/uploads\/2025\/12\/BOOST_HYBRID_SOME_05-150x150.jpeg 150w, https:\/\/www.solidstream.fi\/wp-content\/uploads\/2025\/12\/BOOST_HYBRID_SOME_05-768x768.jpeg 768w, https:\/\/www.solidstream.fi\/wp-content\/uploads\/2025\/12\/BOOST_HYBRID_SOME_05-12x12.jpeg 12w, https:\/\/www.solidstream.fi\/wp-content\/uploads\/2025\/12\/BOOST_HYBRID_SOME_05.jpeg 1200w\" sizes=\"(max-width: 300px) 100vw, 300px\" \/><\/div>\n\t\t<\/a>\n\t\t\t\t<div class=\"elementor-post__text\">\n\t\t\t\t<h3 class=\"elementor-post__title\">\n\t\t\t<a href=\"https:\/\/www.solidstream.fi\/sv\/vuoden-2026-trendit\/\">\n\t\t\t\t\u00c4r ditt event en upplevelse eller bara en l\u00e4nk till Teams? \u00c5r 2026 kommer skillnaden att vara avg\u00f6rande\t\t\t<\/a>\n\t\t<\/h3>\n\t\t\t\t<div class=\"elementor-post__meta-data\">\n\t\t\t\t\t<span class=\"elementor-post-author\">\n\t\t\tPanu Somerma\t\t<\/span>\n\t\t\t\t<span class=\"elementor-post-date\">\n\t\t\t30\/12\/2025\t\t<\/span>\n\t\t\t\t<\/div>\n\t\t\t\t<div class=\"elementor-post__excerpt\">\n\t\t\t<p>Panu Somerma - Solid Stream vilka \u00e4r trenderna f\u00f6r 2026? H\u00e4r \u00e4r v\u00e5ra val. Livestreaming \u00e4r inte l\u00e4ngre bara \u201datt str\u00f6mma ett evenemang online\u201d. N\u00e4r vi blickar fram\u00e5t ser vi ett stort skifte i tankes\u00e4tt: en bra<\/p>\n\t\t<\/div>\n\t\t\n\t\t<a class=\"elementor-post__read-more\" href=\"https:\/\/www.solidstream.fi\/sv\/vuoden-2026-trendit\/\" aria-label=\"L\u00e4s mer om Onko tapahtumasi el\u00e4mys vai pelkk\u00e4 Teams-linkki? Vuonna 2026 ero on ratkaiseva\" tabindex=\"-1\">\n\t\t\tL\u00e4s mer \u00bb\t\t<\/a>\n\n\t\t\t\t<\/div>\n\t\t\t\t<\/article>\n\t\t\t\t<article class=\"elementor-post elementor-grid-item post-7263 post type-post status-publish format-standard has-post-thumbnail hentry category-uncategorized tag-aamiaisseminaari\" role=\"listitem\">\n\t\t\t\t<a class=\"elementor-post__thumbnail__link\" href=\"https:\/\/www.solidstream.fi\/sv\/aamiaisseminaarit-av-tuotanto\/\" tabindex=\"-1\">\n\t\t\t<div class=\"elementor-post__thumbnail\"><img loading=\"lazy\" decoding=\"async\" width=\"300\" height=\"225\" src=\"https:\/\/www.solidstream.fi\/wp-content\/uploads\/2025\/12\/45d79304-b59d-4c47-b42d-f619277b9e2a-300x225.jpg\" class=\"attachment-medium size-medium wp-image-7270\" alt=\"\" srcset=\"https:\/\/www.solidstream.fi\/wp-content\/uploads\/2025\/12\/45d79304-b59d-4c47-b42d-f619277b9e2a-300x225.jpg 300w, https:\/\/www.solidstream.fi\/wp-content\/uploads\/2025\/12\/45d79304-b59d-4c47-b42d-f619277b9e2a-1024x768.jpg 1024w, https:\/\/www.solidstream.fi\/wp-content\/uploads\/2025\/12\/45d79304-b59d-4c47-b42d-f619277b9e2a-768x576.jpg 768w, https:\/\/www.solidstream.fi\/wp-content\/uploads\/2025\/12\/45d79304-b59d-4c47-b42d-f619277b9e2a-1536x1152.jpg 1536w, https:\/\/www.solidstream.fi\/wp-content\/uploads\/2025\/12\/45d79304-b59d-4c47-b42d-f619277b9e2a-2048x1536.jpg 2048w, https:\/\/www.solidstream.fi\/wp-content\/uploads\/2025\/12\/45d79304-b59d-4c47-b42d-f619277b9e2a-16x12.jpg 16w\" sizes=\"(max-width: 300px) 100vw, 300px\" \/><\/div>\n\t\t<\/a>\n\t\t\t\t<div class=\"elementor-post__text\">\n\t\t\t\t<h3 class=\"elementor-post__title\">\n\t\t\t<a href=\"https:\/\/www.solidstream.fi\/sv\/aamiaisseminaarit-av-tuotanto\/\">\n\t\t\t\tSamlinks frukostseminarier - AV-produktion och videoinspelning i ett och samma paket\t\t\t<\/a>\n\t\t<\/h3>\n\t\t\t\t<div class=\"elementor-post__meta-data\">\n\t\t\t\t\t<span class=\"elementor-post-author\">\n\t\t\tPanu Somerma\t\t<\/span>\n\t\t\t\t<span class=\"elementor-post-date\">\n\t\t\t22\/12\/2025\t\t<\/span>\n\t\t\t\t<\/div>\n\t\t\t\t<div class=\"elementor-post__excerpt\">\n\t\t\t<p>Frukostseminarium d\u00e4r lokalen \u00e4r viktigast Samlink anordnar regelbundet frukostseminarier f\u00f6r sina kunder. Solid Stream har sedan ett par \u00e5r tillbaka varit med och sett till att den tekniska delen av seminariet fungerar p\u00e5 plats - och att<\/p>\n\t\t<\/div>\n\t\t\n\t\t<a class=\"elementor-post__read-more\" href=\"https:\/\/www.solidstream.fi\/sv\/aamiaisseminaarit-av-tuotanto\/\" aria-label=\"L\u00e4s mer om Samlinkin aamiaisseminaarit \u2013 AV-tuotanto ja videotallenne samassa paketissa\" tabindex=\"-1\">\n\t\t\tL\u00e4s mer \u00bb\t\t<\/a>\n\n\t\t\t\t<\/div>\n\t\t\t\t<\/article>\n\t\t\t\t<\/div>\n\t\t\t\t\t<span class=\"e-load-more-spinner\">\n\t\t\t\t<svg aria-hidden=\"true\" class=\"e-font-icon-svg e-fas-spinner\" viewbox=\"0 0 512 512\" xmlns=\"http:\/\/www.w3.org\/2000\/svg\"><path d=\"M304 48c0 26.51-21.49 48-48 48s-48-21.49-48-48 21.49-48 48-48 48 21.49 48 48zm-48 368c-26.51 0-48 21.49-48 48s21.49 48 48 48 48-21.49 48-48-21.49-48-48-48zm208-208c-26.51 0-48 21.49-48 48s21.49 48 48 48 48-21.49 48-48-21.49-48-48-48zM96 256c0-26.51-21.49-48-48-48S0 229.49 0 256s21.49 48 48 48 48-21.49 48-48zm12.922 99.078c-26.51 0-48 21.49-48 48s21.49 48 48 48 48-21.49 48-48c0-26.509-21.491-48-48-48zm294.156 0c-26.51 0-48 21.49-48 48s21.49 48 48 48 48-21.49 48-48c0-26.509-21.49-48-48-48zM108.922 60.922c-26.51 0-48 21.49-48 48s21.49 48 48 48 48-21.49 48-48-21.491-48-48-48z\"><\/path><\/svg>\t\t\t<\/span>\n\t\t\n\t\t\t\t<div class=\"e-load-more-anchor\" data-page=\"1\" data-max-page=\"4\" data-next-page=\"https:\/\/www.solidstream.fi\/sv\/wp-json\/wp\/v2\/pages\/7135\/page\/2\/\"><\/div>\n\t\t\t\t<div class=\"elementor-button-wrapper\">\n\t\t\t<a class=\"elementor-button elementor-size-sm\" role=\"button\">\n\t\t\t\t\t\t<span class=\"elementor-button-content-wrapper\">\n\t\t\t\t\t\t\t\t\t<span class=\"elementor-button-text\">Ladda ner mer<\/span>\n\t\t\t\t\t<\/span>\n\t\t\t\t\t<\/a>\n\t\t<\/div>\n\t\t\t\t<div class=\"e-load-more-message\"><\/div>\n\t\t\t\t\t\t<\/div>\n\t\t\t\t<\/div>\n\t\t<div class=\"elementor-element elementor-element-483fc62 e-flex e-con-boxed e-con e-parent\" data-id=\"483fc62\" data-element_type=\"container\" data-e-type=\"container\">\n\t\t\t\t\t<div class=\"e-con-inner\">\n\t\t\t\t\t<\/div>\n\t\t\t\t<\/div>\n\t\t\t\t\t<\/div>\n\t\t<\/div>\n\t\t\t\t\t<\/div>\n\t\t<\/section>\n\t\t\t\t<\/div>","protected":false},"excerpt":{"rendered":"<p>BLOGG<\/p>","protected":false},"author":1,"featured_media":0,"parent":0,"menu_order":0,"comment_status":"closed","ping_status":"closed","template":"","meta":{"footnotes":""},"class_list":["post-7135","page","type-page","status-publish","hentry"],"_links":{"self":[{"href":"https:\/\/www.solidstream.fi\/sv\/wp-json\/wp\/v2\/pages\/7135","targetHints":{"allow":["GET"]}}],"collection":[{"href":"https:\/\/www.solidstream.fi\/sv\/wp-json\/wp\/v2\/pages"}],"about":[{"href":"https:\/\/www.solidstream.fi\/sv\/wp-json\/wp\/v2\/types\/page"}],"author":[{"embeddable":true,"href":"https:\/\/www.solidstream.fi\/sv\/wp-json\/wp\/v2\/users\/1"}],"replies":[{"embeddable":true,"href":"https:\/\/www.solidstream.fi\/sv\/wp-json\/wp\/v2\/comments?post=7135"}],"version-history":[{"count":19,"href":"https:\/\/www.solidstream.fi\/sv\/wp-json\/wp\/v2\/pages\/7135\/revisions"}],"predecessor-version":[{"id":7167,"href":"https:\/\/www.solidstream.fi\/sv\/wp-json\/wp\/v2\/pages\/7135\/revisions\/7167"}],"wp:attachment":[{"href":"https:\/\/www.solidstream.fi\/sv\/wp-json\/wp\/v2\/media?parent=7135"}],"curies":[{"name":"wp","href":"https:\/\/api.w.org\/{rel}","templated":true}]}}