{"id":7204,"date":"2025-11-26T10:29:31","date_gmt":"2025-11-26T10:29:31","guid":{"rendered":"https:\/\/www.solidstream.fi\/?page_id=7204"},"modified":"2025-11-26T11:09:49","modified_gmt":"2025-11-26T11:09:49","slug":"av-tuotanto","status":"publish","type":"page","link":"https:\/\/www.solidstream.fi\/sv\/av-tuotanto\/","title":{"rendered":"AV-produktion"},"content":{"rendered":"<div data-elementor-type=\"wp-page\" data-elementor-id=\"7204\" class=\"elementor elementor-7204\" data-elementor-post-type=\"page\">\n\t\t\t\t<div class=\"elementor-element elementor-element-dd69e35 e-flex e-con-boxed e-con e-parent\" data-id=\"dd69e35\" data-element_type=\"container\" data-e-type=\"container\">\n\t\t\t\t\t<div class=\"e-con-inner\">\n\t\t\t\t<div class=\"elementor-element elementor-element-3197744 elementor-widget elementor-widget-spacer\" data-id=\"3197744\" data-element_type=\"widget\" data-e-type=\"widget\" data-widget_type=\"spacer.default\">\n\t\t\t\t<div class=\"elementor-widget-container\">\n\t\t\t\t\t\t\t<div class=\"elementor-spacer\">\n\t\t\t<div class=\"elementor-spacer-inner\"><\/div>\n\t\t<\/div>\n\t\t\t\t\t\t<\/div>\n\t\t\t\t<\/div>\n\t\t\t\t<div class=\"elementor-element elementor-element-fda4b9d elementor-widget elementor-widget-heading\" data-id=\"fda4b9d\" data-element_type=\"widget\" data-e-type=\"widget\" data-widget_type=\"heading.default\">\n\t\t\t\t<div class=\"elementor-widget-container\">\n\t\t\t\t\t<h1 class=\"elementor-heading-title elementor-size-default\">AV-produktion<\/h1>\t\t\t\t<\/div>\n\t\t\t\t<\/div>\n\t\t\t\t<div class=\"elementor-element elementor-element-59e06be elementor-widget elementor-widget-spacer\" data-id=\"59e06be\" data-element_type=\"widget\" data-e-type=\"widget\" data-widget_type=\"spacer.default\">\n\t\t\t\t<div class=\"elementor-widget-container\">\n\t\t\t\t\t\t\t<div class=\"elementor-spacer\">\n\t\t\t<div class=\"elementor-spacer-inner\"><\/div>\n\t\t<\/div>\n\t\t\t\t\t\t<\/div>\n\t\t\t\t<\/div>\n\t\t\t\t<div class=\"elementor-element elementor-element-aaa8947 elementor-widget elementor-widget-image\" data-id=\"aaa8947\" data-element_type=\"widget\" data-e-type=\"widget\" data-widget_type=\"image.default\">\n\t\t\t\t<div class=\"elementor-widget-container\">\n\t\t\t\t\t\t\t\t\t\t\t\t\t\t\t<img fetchpriority=\"high\" decoding=\"async\" width=\"800\" height=\"450\" src=\"https:\/\/www.solidstream.fi\/wp-content\/uploads\/2025\/11\/tilastokeskus160v_heijastus_AV-TUOTANTO_SIVU-Large-1024x576.jpeg\" class=\"attachment-large size-large wp-image-7210\" alt=\"\" srcset=\"https:\/\/www.solidstream.fi\/wp-content\/uploads\/2025\/11\/tilastokeskus160v_heijastus_AV-TUOTANTO_SIVU-Large-1024x576.jpeg 1024w, https:\/\/www.solidstream.fi\/wp-content\/uploads\/2025\/11\/tilastokeskus160v_heijastus_AV-TUOTANTO_SIVU-Large-300x169.jpeg 300w, https:\/\/www.solidstream.fi\/wp-content\/uploads\/2025\/11\/tilastokeskus160v_heijastus_AV-TUOTANTO_SIVU-Large-768x432.jpeg 768w, https:\/\/www.solidstream.fi\/wp-content\/uploads\/2025\/11\/tilastokeskus160v_heijastus_AV-TUOTANTO_SIVU-Large-18x10.jpeg 18w, https:\/\/www.solidstream.fi\/wp-content\/uploads\/2025\/11\/tilastokeskus160v_heijastus_AV-TUOTANTO_SIVU-Large.jpeg 1280w\" sizes=\"(max-width: 800px) 100vw, 800px\" \/>\t\t\t\t\t\t\t\t\t\t\t\t\t\t\t<\/div>\n\t\t\t\t<\/div>\n\t\t\t\t\t<\/div>\n\t\t\t\t<\/div>\n\t\t\t\t<section class=\"elementor-section elementor-top-section elementor-element elementor-element-17f4175 elementor-section-boxed elementor-section-height-default elementor-section-height-default\" data-id=\"17f4175\" data-element_type=\"section\" data-e-type=\"section\">\n\t\t\t\t\t\t<div class=\"elementor-container elementor-column-gap-default\">\n\t\t\t\t\t<div class=\"elementor-column elementor-col-100 elementor-top-column elementor-element elementor-element-143fe37\" data-id=\"143fe37\" data-element_type=\"column\" data-e-type=\"column\">\n\t\t\t<div class=\"elementor-widget-wrap elementor-element-populated\">\n\t\t\t\t\t\t<div class=\"elementor-element elementor-element-701abae elementor-widget elementor-widget-text-editor\" data-id=\"701abae\" data-element_type=\"widget\" data-e-type=\"widget\" data-widget_type=\"text-editor.default\">\n\t\t\t\t<div class=\"elementor-widget-container\">\n\t\t\t\t\t\t\t\t\t<blockquote><p class=\"p1\">N\u00e4r den tekniska sidan av ett evenemang fungerar s\u00f6ml\u00f6st kan publiken fokusera p\u00e5 det som \u00e4r viktigt - inneh\u00e5llet. Solid Stream erbjuder total AV-produktion f\u00f6r evenemang d\u00e4r kvalitet och tillf\u00f6rlitlighet st\u00e5r i centrum. Vi designar och implementerar en m\u00e4ngd olika ljud- och ljusl\u00f6sningar f\u00f6r att st\u00f6dja evenemangets karakt\u00e4r.<\/p><p class=\"p1\">Alla evenemang \u00e4r olika. Det \u00e4r d\u00e4rf\u00f6r vi alltid utformar v\u00e5ra AV-l\u00f6sningar s\u00e5 att de passar utrymmet, inneh\u00e5llet och publiken. Fr\u00e5n f\u00f6retagsevenemang, seminarier och paneldiskussioner, kickoffs och utbildningar, produktlanseringar, personalevenemang, m\u00e4ssor och kampanjer - vi kan hj\u00e4lpa dig att lyckas. Vi kombinerar AV-produktion d\u00e4r det \u00e4r l\u00e4mpligt <span class=\"s1\"><b>livestreaming och hybridimplementeringar<\/b><\/span>, s\u00e5 att publiken kan delta fr\u00e5n var som helst.<\/p><p class=\"p1\">Solid Stream-teamet best\u00e5r av erfarna AV-designers, tekniska proffs och experter p\u00e5 liveproduktion. Vi kommer att vara p\u00e5 plats i god tid, testa allt och se till att evenemanget g\u00e5r precis som planerat.<\/p><p class=\"p1\" style=\"text-align: left;\">F\u00f6r oss \u00e4r teknisk kvalitet mer \u00e4n ett ramverk - det \u00e4r en del av eventupplevelsen.<\/p><\/blockquote>\t\t\t\t\t\t\t\t<\/div>\n\t\t\t\t<\/div>\n\t\t\t\t<div class=\"elementor-element elementor-element-6e593c1 elementor-align-center elementor-mobile-align-center elementor-invisible elementor-widget elementor-widget-button\" data-id=\"6e593c1\" data-element_type=\"widget\" data-e-type=\"widget\" data-settings=\"{&quot;_animation&quot;:&quot;fadeInLeft&quot;}\" data-widget_type=\"button.default\">\n\t\t\t\t<div class=\"elementor-widget-container\">\n\t\t\t\t\t\t\t\t\t<div class=\"elementor-button-wrapper\">\n\t\t\t\t\t<a class=\"elementor-button elementor-button-link elementor-size-sm\" href=\"#elementor-action%3Aaction%3Dpopup%3Aopen%26settings%3DeyJpZCI6IjE1NiIsInRvZ2dsZSI6ZmFsc2V9\" id=\"ota_yhteytta_btn\">\n\t\t\t\t\t\t<span class=\"elementor-button-content-wrapper\">\n\t\t\t\t\t\t\t\t\t<span class=\"elementor-button-text\">KONTAKTA OSS<\/span>\n\t\t\t\t\t<\/span>\n\t\t\t\t\t<\/a>\n\t\t\t\t<\/div>\n\t\t\t\t\t\t\t\t<\/div>\n\t\t\t\t<\/div>\n\t\t\t\t<div class=\"elementor-element elementor-element-3598dd1 elementor-widget elementor-widget-spacer\" data-id=\"3598dd1\" data-element_type=\"widget\" data-e-type=\"widget\" data-widget_type=\"spacer.default\">\n\t\t\t\t<div class=\"elementor-widget-container\">\n\t\t\t\t\t\t\t<div class=\"elementor-spacer\">\n\t\t\t<div class=\"elementor-spacer-inner\"><\/div>\n\t\t<\/div>\n\t\t\t\t\t\t<\/div>\n\t\t\t\t<\/div>\n\t\t\t\t\t<\/div>\n\t\t<\/div>\n\t\t\t\t\t<\/div>\n\t\t<\/section>\n\t\t\t\t<\/div>","protected":false},"excerpt":{"rendered":"<p>AV-tuotanto Kun tapahtuman tekninen toteutus toimii saumattomasti, yleis\u00f6 voi keskitty\u00e4 olennaiseen \u2014 sis\u00e4lt\u00f6\u00f6n. Solid Stream tarjoaa kokonaisvaltaista AV-tuotantoa tilaisuuksiin, joissa laatu ja luotettavuus ovat kaiken ytimess\u00e4. Suunnittelemme ja toteutamme erilaiset \u00e4\u00e4ni- ja valoratkaisut tukemaan tapahtuman luonnetta. Jokainen tapahtuma on erilainen. Siksi suunnittelemme AV-ratkaisut aina tilan, sis\u00e4ll\u00f6n ja yleis\u00f6n mukaan. Yritystilaisuudet, seminaarit ja paneelikeskustelut, kickoffit ja [&hellip;]<\/p>\n","protected":false},"author":1,"featured_media":0,"parent":0,"menu_order":0,"comment_status":"closed","ping_status":"closed","template":"","meta":{"footnotes":""},"class_list":["post-7204","page","type-page","status-publish","hentry"],"_links":{"self":[{"href":"https:\/\/www.solidstream.fi\/sv\/wp-json\/wp\/v2\/pages\/7204","targetHints":{"allow":["GET"]}}],"collection":[{"href":"https:\/\/www.solidstream.fi\/sv\/wp-json\/wp\/v2\/pages"}],"about":[{"href":"https:\/\/www.solidstream.fi\/sv\/wp-json\/wp\/v2\/types\/page"}],"author":[{"embeddable":true,"href":"https:\/\/www.solidstream.fi\/sv\/wp-json\/wp\/v2\/users\/1"}],"replies":[{"embeddable":true,"href":"https:\/\/www.solidstream.fi\/sv\/wp-json\/wp\/v2\/comments?post=7204"}],"version-history":[{"count":19,"href":"https:\/\/www.solidstream.fi\/sv\/wp-json\/wp\/v2\/pages\/7204\/revisions"}],"predecessor-version":[{"id":7228,"href":"https:\/\/www.solidstream.fi\/sv\/wp-json\/wp\/v2\/pages\/7204\/revisions\/7228"}],"wp:attachment":[{"href":"https:\/\/www.solidstream.fi\/sv\/wp-json\/wp\/v2\/media?parent=7204"}],"curies":[{"name":"wp","href":"https:\/\/api.w.org\/{rel}","templated":true}]}}